{"id":23534,"date":"2025-06-25T18:57:44","date_gmt":"2025-06-25T18:57:44","guid":{"rendered":"https:\/\/the-v-company.com\/?post_type=product&#038;p=23534"},"modified":"2025-08-26T23:38:25","modified_gmt":"2025-08-26T23:38:25","slug":"oversize-tee-bachatea","status":"publish","type":"product","link":"https:\/\/the-v-company.com\/index.php\/producto\/oversize-tee-bachatea\/","title":{"rendered":"Oversize Tee- bachaTea"},"content":{"rendered":"<p>La camiseta con estampado de letras de The V Company es una prenda de vestir moderna y llamativa que es perfecta para aquellos que buscan un estilo original y atrevido. Con un dise\u00f1o contempor\u00e1neo y un mensaje poderoso, la camiseta es ideal para hacer una declaraci\u00f3n de moda y estilo.<\/p>\n<p>La camiseta est\u00e1 hecha de algod\u00f3n suave y de alta calidad, lo que garantiza comodidad y durabilidad durante todo el d\u00eda. Su corte es ajustado y favorecedor, lo que permite que la prenda se ajuste perfectamente al cuerpo.<\/p>\n","protected":false},"excerpt":{"rendered":"<p>La camiseta con estampado de letras de The V Company es una prenda de vestir moderna y llamativa que es perfecta para aquellos que buscan un estilo original y atrevido. Con un dise\u00f1o contempor\u00e1neo y un mensaje poderoso, la camiseta es ideal para hacer una declaraci\u00f3n de moda y estilo. La camiseta est\u00e1 hecha de algod\u00f3n suave y de alta calidad, lo que garantiza comodidad y durabilidad durante todo el d\u00eda. Su corte es ajustado y favorecedor, lo que permite que la prenda se ajuste perfectamente al cuerpo.<\/p>\n","protected":false},"featured_media":23591,"comment_status":"open","ping_status":"closed","template":"","meta":[],"product_brand":[],"product_cat":[155,40,41,44],"product_tag":[],"class_list":{"0":"post-23534","1":"product","2":"type-product","3":"status-publish","4":"has-post-thumbnail","6":"product_cat-camisetas","7":"product_cat-hombres","8":"product_cat-nuevas-llegadas","9":"product_cat-ofertas","11":"first","12":"instock","13":"taxable","14":"shipping-taxable","15":"purchasable","16":"product-type-variable"},"_links":{"self":[{"href":"https:\/\/the-v-company.com\/index.php\/wp-json\/wp\/v2\/product\/23534","targetHints":{"allow":["GET"]}}],"collection":[{"href":"https:\/\/the-v-company.com\/index.php\/wp-json\/wp\/v2\/product"}],"about":[{"href":"https:\/\/the-v-company.com\/index.php\/wp-json\/wp\/v2\/types\/product"}],"replies":[{"embeddable":true,"href":"https:\/\/the-v-company.com\/index.php\/wp-json\/wp\/v2\/comments?post=23534"}],"version-history":[{"count":1,"href":"https:\/\/the-v-company.com\/index.php\/wp-json\/wp\/v2\/product\/23534\/revisions"}],"predecessor-version":[{"id":23599,"href":"https:\/\/the-v-company.com\/index.php\/wp-json\/wp\/v2\/product\/23534\/revisions\/23599"}],"wp:featuredmedia":[{"embeddable":true,"href":"https:\/\/the-v-company.com\/index.php\/wp-json\/wp\/v2\/media\/23591"}],"wp:attachment":[{"href":"https:\/\/the-v-company.com\/index.php\/wp-json\/wp\/v2\/media?parent=23534"}],"wp:term":[{"taxonomy":"product_brand","embeddable":true,"href":"https:\/\/the-v-company.com\/index.php\/wp-json\/wp\/v2\/product_brand?post=23534"},{"taxonomy":"product_cat","embeddable":true,"href":"https:\/\/the-v-company.com\/index.php\/wp-json\/wp\/v2\/product_cat?post=23534"},{"taxonomy":"product_tag","embeddable":true,"href":"https:\/\/the-v-company.com\/index.php\/wp-json\/wp\/v2\/product_tag?post=23534"}],"curies":[{"name":"wp","href":"https:\/\/api.w.org\/{rel}","templated":true}]}}