{"id":22312,"date":"2023-05-09T09:06:21","date_gmt":"2023-05-09T09:06:21","guid":{"rendered":"https:\/\/the-v-company.com\/?post_type=product&#038;p=22312"},"modified":"2024-11-26T20:52:45","modified_gmt":"2024-11-26T20:52:45","slug":"classic-hoodie","status":"publish","type":"product","link":"https:\/\/the-v-company.com\/index.php\/producto\/classic-hoodie\/","title":{"rendered":"Classic Hoodie"},"content":{"rendered":"\t\t<div data-elementor-type=\"wp-post\" data-elementor-id=\"22312\" class=\"elementor elementor-22312\">\n\t\t\t\t\t\t<section class=\"elementor-section elementor-top-section elementor-element elementor-element-31ade4f elementor-section-boxed elementor-section-height-default elementor-section-height-default elementor-section-column-vertical-align-stretch\" data-id=\"31ade4f\" data-element_type=\"section\" data-e-type=\"section\">\n\t\t\t\t\t\t<div class=\"elementor-container elementor-column-gap-no\">\n\t\t\t\t\t<div class=\"elementor-column elementor-col-100 elementor-top-column elementor-element elementor-element-3dd3129\" data-id=\"3dd3129\" data-element_type=\"column\" data-e-type=\"column\">\n\t\t\t<div class=\"elementor-widget-wrap elementor-element-populated\">\n\t\t\t\t\t\t<div class=\"elementor-element elementor-element-0e72a40 elementor-icon-list--layout-traditional elementor-list-item-link-full_width elementor-widget elementor-widget-icon-list\" data-id=\"0e72a40\" data-element_type=\"widget\" data-e-type=\"widget\" data-widget_type=\"icon-list.default\">\n\t\t\t\t<div class=\"elementor-widget-container\">\n\t\t\t\t\t\t\t<ul class=\"elementor-icon-list-items\">\n\t\t\t\t\t\t\t<li class=\"elementor-icon-list-item\">\n\t\t\t\t\t\t\t\t\t\t<span class=\"elementor-icon-list-text\"><\/span>\n\t\t\t\t\t\t\t\t\t<\/li>\n\t\t\t\t\t\t<\/ul>\n\t\t\t\t\t\t<\/div>\n\t\t\t\t<\/div>\n\t\t\t\t<div class=\"elementor-element elementor-element-33f3902 elementor-widget elementor-widget-text-editor\" data-id=\"33f3902\" data-element_type=\"widget\" data-e-type=\"widget\" data-widget_type=\"text-editor.default\">\n\t\t\t\t<div class=\"elementor-widget-container\">\n\t\t\t\t\t\t\t\t\t<p>La sudadera negra con capucha de The V Company es una prenda moderna y funcional que es ideal para cualquier ocasi\u00f3n casual o deportiva. Con un dise\u00f1o minimalista y elegante, esta sudadera es perfecta para aquellos que buscan un estilo fresco y actual.<\/p><p>La sudadera est\u00e1 hecha de materiales de alta calidad, como algod\u00f3n o poli\u00e9ster, lo que garantiza durabilidad y comodidad durante todo el d\u00eda. Su corte es ajustado y favorecedor, lo que permite que la prenda se ajuste perfectamente al cuerpo.<\/p><p>El dise\u00f1o de la sudadera cuenta con una capucha ajustable con cordones, lo que permite personalizar su ajuste seg\u00fan la preferencia de cada persona. Adem\u00e1s, cuenta con detalles \u00fanicos de la marca, como el logo bordado en la parte frontal o en la manga, lo que le da un toque distintivo.<\/p><p>La sudadera est\u00e1 hecha de algod\u00f3n suave y de alta calidad, lo que garantiza comodidad y durabilidad durante todo el d\u00eda. Su corte es ajustado y favorecedor, lo que permite que la prenda se ajuste perfectamente al cuerpo.<\/p>\t\t\t\t\t\t\t\t<\/div>\n\t\t\t\t<\/div>\n\t\t\t\t\t<\/div>\n\t\t<\/div>\n\t\t\t\t\t<\/div>\n\t\t<\/section>\n\t\t\t\t<\/div>\n\t\t","protected":false},"excerpt":{"rendered":"<p>No por ser Classic quiere decir simple. Pero, oye, que no lo hemos decidido nosotros\u2026 Si todo el mundo tiene una Classic hoodie, es por algo: materiales sostenibles, bordados en espalda y comodidad.<\/p>\n<p>\u00bfA que estas esperando para llevarte la tuya?<\/p>\n","protected":false},"featured_media":23006,"comment_status":"open","ping_status":"closed","template":"","meta":[],"product_brand":[],"product_cat":[44,160],"product_tag":[161],"class_list":{"0":"post-22312","1":"product","2":"type-product","3":"status-publish","4":"has-post-thumbnail","6":"product_cat-ofertas","7":"product_cat-sudaderas","8":"product_tag-sudaderas","10":"first","11":"instock","12":"taxable","13":"shipping-taxable","14":"purchasable","15":"product-type-variable"},"_links":{"self":[{"href":"https:\/\/the-v-company.com\/index.php\/wp-json\/wp\/v2\/product\/22312","targetHints":{"allow":["GET"]}}],"collection":[{"href":"https:\/\/the-v-company.com\/index.php\/wp-json\/wp\/v2\/product"}],"about":[{"href":"https:\/\/the-v-company.com\/index.php\/wp-json\/wp\/v2\/types\/product"}],"replies":[{"embeddable":true,"href":"https:\/\/the-v-company.com\/index.php\/wp-json\/wp\/v2\/comments?post=22312"}],"version-history":[{"count":4,"href":"https:\/\/the-v-company.com\/index.php\/wp-json\/wp\/v2\/product\/22312\/revisions"}],"predecessor-version":[{"id":22474,"href":"https:\/\/the-v-company.com\/index.php\/wp-json\/wp\/v2\/product\/22312\/revisions\/22474"}],"wp:featuredmedia":[{"embeddable":true,"href":"https:\/\/the-v-company.com\/index.php\/wp-json\/wp\/v2\/media\/23006"}],"wp:attachment":[{"href":"https:\/\/the-v-company.com\/index.php\/wp-json\/wp\/v2\/media?parent=22312"}],"wp:term":[{"taxonomy":"product_brand","embeddable":true,"href":"https:\/\/the-v-company.com\/index.php\/wp-json\/wp\/v2\/product_brand?post=22312"},{"taxonomy":"product_cat","embeddable":true,"href":"https:\/\/the-v-company.com\/index.php\/wp-json\/wp\/v2\/product_cat?post=22312"},{"taxonomy":"product_tag","embeddable":true,"href":"https:\/\/the-v-company.com\/index.php\/wp-json\/wp\/v2\/product_tag?post=22312"}],"curies":[{"name":"wp","href":"https:\/\/api.w.org\/{rel}","templated":true}]}}