{"id":21794,"date":"2023-05-04T17:14:26","date_gmt":"2023-05-04T17:14:26","guid":{"rendered":"https:\/\/the-v-company.com\/?post_type=product&#038;p=21794"},"modified":"2024-11-27T10:09:49","modified_gmt":"2024-11-27T10:09:49","slug":"classic-tee","status":"publish","type":"product","link":"https:\/\/the-v-company.com\/index.php\/producto\/classic-tee\/","title":{"rendered":"Classic Tee"},"content":{"rendered":"\t\t<div data-elementor-type=\"wp-post\" data-elementor-id=\"21794\" class=\"elementor elementor-21794\">\n\t\t\t\t\t\t<section class=\"elementor-section elementor-top-section elementor-element elementor-element-31ade4f elementor-section-boxed elementor-section-height-default elementor-section-height-default elementor-section-column-vertical-align-stretch\" data-id=\"31ade4f\" data-element_type=\"section\" data-e-type=\"section\">\n\t\t\t\t\t\t<div class=\"elementor-container elementor-column-gap-no\">\n\t\t\t\t\t<div class=\"elementor-column elementor-col-100 elementor-top-column elementor-element elementor-element-3dd3129\" data-id=\"3dd3129\" data-element_type=\"column\" data-e-type=\"column\">\n\t\t\t<div class=\"elementor-widget-wrap elementor-element-populated\">\n\t\t\t\t\t\t<div class=\"elementor-element elementor-element-0e72a40 elementor-icon-list--layout-traditional elementor-list-item-link-full_width elementor-widget elementor-widget-icon-list\" data-id=\"0e72a40\" data-element_type=\"widget\" data-e-type=\"widget\" data-widget_type=\"icon-list.default\">\n\t\t\t\t<div class=\"elementor-widget-container\">\n\t\t\t\t\t\t\t<ul class=\"elementor-icon-list-items\">\n\t\t\t\t\t\t\t<li class=\"elementor-icon-list-item\">\n\t\t\t\t\t\t\t\t\t\t<span class=\"elementor-icon-list-text\"><\/span>\n\t\t\t\t\t\t\t\t\t<\/li>\n\t\t\t\t\t\t<\/ul>\n\t\t\t\t\t\t<\/div>\n\t\t\t\t<\/div>\n\t\t\t\t<div class=\"elementor-element elementor-element-33f3902 elementor-widget elementor-widget-text-editor\" data-id=\"33f3902\" data-element_type=\"widget\" data-e-type=\"widget\" data-widget_type=\"text-editor.default\">\n\t\t\t\t<div class=\"elementor-widget-container\">\n\t\t\t\t\t\t\t\t\t<p>La camiseta de mujer de manga corta de The V Company es una prenda imprescindible para cualquier guardarropa femenino. Con un dise\u00f1o elegante y minimalista, la camiseta es perfecta para cualquier ocasi\u00f3n casual.<\/p><p>La camiseta est\u00e1 hecha de algod\u00f3n de alta calidad, lo que garantiza suavidad y comodidad durante todo el d\u00eda. El corte de la camiseta es ajustado, lo que la hace perfecta para un estilo casual y moderno. Adem\u00e1s, su dise\u00f1o cuenta con detalles \u00fanicos de la marca, como el logo bordado en el pecho o en la parte trasera, lo que le da un toque distintivo.<\/p>\t\t\t\t\t\t\t\t<\/div>\n\t\t\t\t<\/div>\n\t\t\t\t\t<\/div>\n\t\t<\/div>\n\t\t\t\t\t<\/div>\n\t\t<\/section>\n\t\t\t\t<\/div>\n\t\t","protected":false},"excerpt":{"rendered":"<p>La camiseta de mujer de manga corta de The V Company es una prenda imprescindible para cualquier guardarropa femenino. Con un dise\u00f1o elegante y minimalista, la camiseta es perfecta para cualquier ocasi\u00f3n casual. La camiseta est\u00e1 hecha de algod\u00f3n de alta calidad, lo que garantiza suavidad y comodidad durante todo el d\u00eda. El corte de la camiseta es ajustado, lo que la hace perfecta para un estilo casual y moderno. Adem\u00e1s, su dise\u00f1o cuenta con detalles \u00fanicos de la marca, como el logo bordado en el pecho o en la parte trasera, lo que le da un toque distintivo.<\/p>\n","protected":false},"featured_media":23016,"comment_status":"open","ping_status":"closed","template":"","meta":[],"product_brand":[],"product_cat":[155,40,41,44],"product_tag":[134],"class_list":{"0":"post-21794","1":"product","2":"type-product","3":"status-publish","4":"has-post-thumbnail","6":"product_cat-camisetas","7":"product_cat-hombres","8":"product_cat-nuevas-llegadas","9":"product_cat-ofertas","10":"product_tag-camisetas","12":"first","13":"instock","14":"taxable","15":"shipping-taxable","16":"purchasable","17":"product-type-variable"},"_links":{"self":[{"href":"https:\/\/the-v-company.com\/index.php\/wp-json\/wp\/v2\/product\/21794","targetHints":{"allow":["GET"]}}],"collection":[{"href":"https:\/\/the-v-company.com\/index.php\/wp-json\/wp\/v2\/product"}],"about":[{"href":"https:\/\/the-v-company.com\/index.php\/wp-json\/wp\/v2\/types\/product"}],"replies":[{"embeddable":true,"href":"https:\/\/the-v-company.com\/index.php\/wp-json\/wp\/v2\/comments?post=21794"}],"version-history":[{"count":10,"href":"https:\/\/the-v-company.com\/index.php\/wp-json\/wp\/v2\/product\/21794\/revisions"}],"predecessor-version":[{"id":22477,"href":"https:\/\/the-v-company.com\/index.php\/wp-json\/wp\/v2\/product\/21794\/revisions\/22477"}],"wp:featuredmedia":[{"embeddable":true,"href":"https:\/\/the-v-company.com\/index.php\/wp-json\/wp\/v2\/media\/23016"}],"wp:attachment":[{"href":"https:\/\/the-v-company.com\/index.php\/wp-json\/wp\/v2\/media?parent=21794"}],"wp:term":[{"taxonomy":"product_brand","embeddable":true,"href":"https:\/\/the-v-company.com\/index.php\/wp-json\/wp\/v2\/product_brand?post=21794"},{"taxonomy":"product_cat","embeddable":true,"href":"https:\/\/the-v-company.com\/index.php\/wp-json\/wp\/v2\/product_cat?post=21794"},{"taxonomy":"product_tag","embeddable":true,"href":"https:\/\/the-v-company.com\/index.php\/wp-json\/wp\/v2\/product_tag?post=21794"}],"curies":[{"name":"wp","href":"https:\/\/api.w.org\/{rel}","templated":true}]}}