{"id":21754,"date":"2023-05-04T15:59:35","date_gmt":"2023-05-04T15:59:35","guid":{"rendered":"https:\/\/the-v-company.com\/?post_type=product&#038;p=21754"},"modified":"2023-08-22T11:07:05","modified_gmt":"2023-08-22T11:07:05","slug":"mochila","status":"publish","type":"product","link":"https:\/\/the-v-company.com\/index.php\/producto\/mochila\/","title":{"rendered":"Mochila Cuerdas &#8211; The V Company"},"content":{"rendered":"\t\t<div data-elementor-type=\"wp-post\" data-elementor-id=\"21754\" class=\"elementor elementor-21754\">\n\t\t\t\t\t\t<section class=\"elementor-section elementor-top-section elementor-element elementor-element-31ade4f elementor-section-boxed elementor-section-height-default elementor-section-height-default elementor-section-column-vertical-align-stretch\" data-id=\"31ade4f\" data-element_type=\"section\" data-e-type=\"section\">\n\t\t\t\t\t\t<div class=\"elementor-container elementor-column-gap-no\">\n\t\t\t\t\t<div class=\"elementor-column elementor-col-100 elementor-top-column elementor-element elementor-element-3dd3129\" data-id=\"3dd3129\" data-element_type=\"column\" data-e-type=\"column\">\n\t\t\t<div class=\"elementor-widget-wrap elementor-element-populated\">\n\t\t\t\t\t\t<div class=\"elementor-element elementor-element-0e72a40 elementor-icon-list--layout-traditional elementor-list-item-link-full_width elementor-widget elementor-widget-icon-list\" data-id=\"0e72a40\" data-element_type=\"widget\" data-e-type=\"widget\" data-widget_type=\"icon-list.default\">\n\t\t\t\t<div class=\"elementor-widget-container\">\n\t\t\t\t\t\t\t<ul class=\"elementor-icon-list-items\">\n\t\t\t\t\t\t\t<li class=\"elementor-icon-list-item\">\n\t\t\t\t\t\t\t\t\t\t<span class=\"elementor-icon-list-text\"><\/span>\n\t\t\t\t\t\t\t\t\t<\/li>\n\t\t\t\t\t\t<\/ul>\n\t\t\t\t\t\t<\/div>\n\t\t\t\t<\/div>\n\t\t\t\t<div class=\"elementor-element elementor-element-33f3902 elementor-widget elementor-widget-text-editor\" data-id=\"33f3902\" data-element_type=\"widget\" data-e-type=\"widget\" data-widget_type=\"text-editor.default\">\n\t\t\t\t<div class=\"elementor-widget-container\">\n\t\t\t\t\t\t\t\t\t<p>La mochila de cuerdas de The V Company es una pieza esencial para aquellos que buscan una forma elegante y pr\u00e1ctica de transportar sus pertenencias. La mochila est\u00e1 dise\u00f1ada con un estilo minimalista y funcional, lo que la hace perfecta tanto para el d\u00eda a d\u00eda como para actividades al aire libre.<\/p><p>La mochila est\u00e1 hecha de materiales duraderos y de alta calidad, lo que la hace resistente al desgaste y a las condiciones clim\u00e1ticas adversas. El dise\u00f1o de cuerdas permite ajustar el tama\u00f1o y la capacidad de la mochila de acuerdo a las necesidades del usuario.<\/p>\t\t\t\t\t\t\t\t<\/div>\n\t\t\t\t<\/div>\n\t\t\t\t\t<\/div>\n\t\t<\/div>\n\t\t\t\t\t<\/div>\n\t\t<\/section>\n\t\t\t\t<\/div>\n\t\t","protected":false},"excerpt":{"rendered":"<p>La mochila de cuerdas de The V Company es una pieza esencial para aquellos que buscan una forma elegante y pr\u00e1ctica de transportar sus pertenencias. La mochila est\u00e1 dise\u00f1ada con un estilo minimalista y funcional, lo que la hace perfecta tanto para el d\u00eda a d\u00eda como para actividades al aire libre. La mochila est\u00e1 hecha de materiales duraderos y de alta calidad, lo que la hace resistente al desgaste y a las condiciones clim\u00e1ticas adversas. El dise\u00f1o de cuerdas permite ajustar el tama\u00f1o y la capacidad de la mochila de acuerdo a las necesidades del usuario.<\/p>\n","protected":false},"featured_media":21759,"comment_status":"open","ping_status":"closed","template":"","meta":[],"product_brand":[],"product_cat":[151,156,44],"product_tag":[86],"class_list":{"0":"post-21754","1":"product","2":"type-product","3":"status-publish","4":"has-post-thumbnail","6":"product_cat-accesorios","7":"product_cat-mochilas","8":"product_cat-ofertas","9":"product_tag-mochilas","11":"first","12":"instock","13":"taxable","14":"shipping-taxable","15":"purchasable","16":"product-type-simple"},"_links":{"self":[{"href":"https:\/\/the-v-company.com\/index.php\/wp-json\/wp\/v2\/product\/21754","targetHints":{"allow":["GET"]}}],"collection":[{"href":"https:\/\/the-v-company.com\/index.php\/wp-json\/wp\/v2\/product"}],"about":[{"href":"https:\/\/the-v-company.com\/index.php\/wp-json\/wp\/v2\/types\/product"}],"replies":[{"embeddable":true,"href":"https:\/\/the-v-company.com\/index.php\/wp-json\/wp\/v2\/comments?post=21754"}],"version-history":[{"count":6,"href":"https:\/\/the-v-company.com\/index.php\/wp-json\/wp\/v2\/product\/21754\/revisions"}],"predecessor-version":[{"id":22106,"href":"https:\/\/the-v-company.com\/index.php\/wp-json\/wp\/v2\/product\/21754\/revisions\/22106"}],"wp:featuredmedia":[{"embeddable":true,"href":"https:\/\/the-v-company.com\/index.php\/wp-json\/wp\/v2\/media\/21759"}],"wp:attachment":[{"href":"https:\/\/the-v-company.com\/index.php\/wp-json\/wp\/v2\/media?parent=21754"}],"wp:term":[{"taxonomy":"product_brand","embeddable":true,"href":"https:\/\/the-v-company.com\/index.php\/wp-json\/wp\/v2\/product_brand?post=21754"},{"taxonomy":"product_cat","embeddable":true,"href":"https:\/\/the-v-company.com\/index.php\/wp-json\/wp\/v2\/product_cat?post=21754"},{"taxonomy":"product_tag","embeddable":true,"href":"https:\/\/the-v-company.com\/index.php\/wp-json\/wp\/v2\/product_tag?post=21754"}],"curies":[{"name":"wp","href":"https:\/\/api.w.org\/{rel}","templated":true}]}}