{"id":329,"date":"2021-11-26T09:39:49","date_gmt":"2021-11-26T09:39:49","guid":{"rendered":""},"modified":"2023-08-19T10:30:59","modified_gmt":"2023-08-19T10:30:59","slug":"sobre-nosotros","status":"publish","type":"page","link":"https:\/\/the-v-company.com\/index.php\/sobre-nosotros\/","title":{"rendered":"Sobre The V Company"},"content":{"rendered":"\t\t<div data-elementor-type=\"wp-page\" data-elementor-id=\"329\" class=\"elementor elementor-329\">\n\t\t\t\t\t\t<section class=\"elementor-section elementor-top-section elementor-element elementor-element-ef5f634 elementor-section-boxed elementor-section-gap-beside-yes elementor-section-height-default elementor-section-height-default elementor-section-column-vertical-align-stretch\" data-id=\"ef5f634\" data-element_type=\"section\" data-e-type=\"section\">\n\t\t\t\t\t\t<div class=\"elementor-container elementor-column-gap-extended\">\n\t\t\t\t\t<div class=\"elementor-column elementor-col-100 elementor-top-column elementor-element elementor-element-6b9bd48\" data-id=\"6b9bd48\" data-element_type=\"column\" data-e-type=\"column\">\n\t\t\t<div class=\"elementor-widget-wrap elementor-element-populated\">\n\t\t\t\t\t\t<div class=\"elementor-element elementor-element-3f6ad8b elementor-widget elementor-widget-spacer\" data-id=\"3f6ad8b\" data-element_type=\"widget\" data-e-type=\"widget\" data-widget_type=\"spacer.default\">\n\t\t\t\t<div class=\"elementor-widget-container\">\n\t\t\t\t\t\t\t<div class=\"elementor-spacer\">\n\t\t\t<div class=\"elementor-spacer-inner\"><\/div>\n\t\t<\/div>\n\t\t\t\t\t\t<\/div>\n\t\t\t\t<\/div>\n\t\t\t\t\t<\/div>\n\t\t<\/div>\n\t\t\t\t\t<\/div>\n\t\t<\/section>\n\t\t\t\t<section class=\"elementor-section elementor-top-section elementor-element elementor-element-be89278 elementor-section-boxed elementor-section-gap-beside-yes elementor-section-height-default elementor-section-height-default elementor-section-content-align-center elementor-section-column-vertical-align-stretch\" data-id=\"be89278\" data-element_type=\"section\" data-e-type=\"section\">\n\t\t\t\t\t\t<div class=\"elementor-container elementor-column-gap-extended\">\n\t\t\t\t\t<div class=\"elementor-column elementor-col-100 elementor-top-column elementor-element elementor-element-ea8fb37\" data-id=\"ea8fb37\" data-element_type=\"column\" data-e-type=\"column\">\n\t\t\t<div class=\"elementor-widget-wrap elementor-element-populated\">\n\t\t\t\t\t\t<div class=\"elementor-element elementor-element-16afce8 elementor-widget elementor-widget-tm-heading\" data-id=\"16afce8\" data-element_type=\"widget\" data-e-type=\"widget\" data-widget_type=\"tm-heading.default\">\n\t\t\t\t<div class=\"elementor-widget-container\">\n\t\t\t\t\t\t\t<div class=\"tm-modern-heading tm-modern-heading--style-02 tm-modern-heading--highlight-style-01\">\n\t\t\t\n\t\t\t\t\t<div class=\"heading-primary-wrap\">\n\t\t\t<h2 class=\"heading-primary elementor-heading-title\">Don\u00b4t stop what \ncan\u00b4t be stopped<\/h2>\t\t<\/div>\n\t\t\n\t\t\t\n\t\t\t\t\t<\/div>\n\t\t\t\t\t\t<\/div>\n\t\t\t\t<\/div>\n\t\t\t\t<div class=\"elementor-element elementor-element-5a7abf4 elementor-widget elementor-widget-tm-heading\" data-id=\"5a7abf4\" data-element_type=\"widget\" data-e-type=\"widget\" data-widget_type=\"tm-heading.default\">\n\t\t\t\t<div class=\"elementor-widget-container\">\n\t\t\t\t\t\t\t<div class=\"tm-modern-heading tm-modern-heading--style-03 tm-modern-heading--highlight-style-01\">\n\t\t\t\n\t\t\t\t\t<div class=\"heading-primary-wrap\">\n\t\t\t<h3 class=\"heading-primary elementor-heading-title\">The V Company es una marca de ropa nueva que se fund\u00f3 en el a\u00f1o 2023 con la idea de transmitir un mensaje de superaci\u00f3n e imparabilidad a trav\u00e9s de prendas minimalistas y de alta calidad.<\/h3>\t\t<\/div>\n\t\t\n\t\t\t\n\t\t\t\t\t<div class=\"heading-description-wrap\">\n\t\t\t<div class=\"heading-description\">\n\t\t\t\t<p>La marca naci\u00f3 de una idea buscando como crear una l\u00ednea de ropa que representara sus valores y creencias. Bas\u00e1ndose\u00a0 en la importancia de la auto-superaci\u00f3n, la perseverancia y la determinaci\u00f3n para lograr el \u00e9xito en cualquier \u00e1mbito de la vida. Creando una marca que representara estos valores y que transmitiera un mensaje inspirador a trav\u00e9s de la ropa. Vinculada a nuestro hobbie principal, los Viajes<\/p><p>Con esta visi\u00f3n en mente, The V Company comenz\u00f3 a trabajar en su primera colecci\u00f3n de ropa. Dise\u00f1ando cada prenda con sumo cuidado, asegur\u00e1ndose de que cada una transmitiera el mensaje de superaci\u00f3n e imparabilidad que quer\u00edan compartir. Adem\u00e1s, prestaron mucha atenci\u00f3n a los detalles, asegur\u00e1ndose de que cada prenda fuera de alta calidad y que tuviera un dise\u00f1o moderno y minimalista.<\/p><p>Despu\u00e9s de meses de trabajo, finalmente lanzaron su primera colecci\u00f3n de ropa en el mercado.\u00a0<\/p>\t\t\t<\/div>\n\t\t<\/div>\n\t\t\t\t<\/div>\n\t\t\t\t\t\t<\/div>\n\t\t\t\t<\/div>\n\t\t\t\t\t<\/div>\n\t\t<\/div>\n\t\t\t\t\t<\/div>\n\t\t<\/section>\n\t\t\t\t<section class=\"elementor-section elementor-top-section elementor-element elementor-element-1a2bc03 elementor-section-boxed elementor-section-gap-beside-yes elementor-section-height-default elementor-section-height-default elementor-section-column-vertical-align-stretch\" data-id=\"1a2bc03\" data-element_type=\"section\" data-e-type=\"section\">\n\t\t\t\t\t\t<div class=\"elementor-container elementor-column-gap-extended\">\n\t\t\t\t\t<div class=\"elementor-column elementor-col-50 elementor-top-column elementor-element elementor-element-6fc213a\" data-id=\"6fc213a\" data-element_type=\"column\" data-e-type=\"column\">\n\t\t\t<div class=\"elementor-widget-wrap elementor-element-populated\">\n\t\t\t\t\t\t<div class=\"elementor-element elementor-element-e847d93 minimog-animation-zoom-in elementor-widget elementor-widget-tm-modern-image\" data-id=\"e847d93\" data-element_type=\"widget\" data-e-type=\"widget\" data-widget_type=\"tm-modern-image.default\">\n\t\t\t\t<div class=\"elementor-widget-container\">\n\t\t\t\t\t\t\t<div class=\"tm-modern-image\">\n\t\t\t\t\t\t\t<div class=\"minimog-box\">\n\t\t\t\t\t<div class=\"minimog-image\">\t\t\t\t\t<m-image class=\"minimog-lazy-image\" style=\"--lazy-image-width: 1440px;--lazy-image-height: 133.33333333333%;\" data-image-loading><img loading=\"lazy\" decoding=\"async\"  src=\"https:\/\/the-v-company.com\/wp-content\/uploads\/2023\/05\/oversized-negra-delante.png\" width=\"1440\" height=\"1920\" alt=\"oversized negra delante\" loading=\"lazy\" class=\"attachment-full size-full\" \/><\/m-image>\t\t\t\t\t<\/div>\t\t\t\t<\/div>\n\t\t\t\t\t\t\t\t\t\t<\/div>\n\t\t\t\t\t\t<\/div>\n\t\t\t\t<\/div>\n\t\t\t\t\t<\/div>\n\t\t<\/div>\n\t\t\t\t<div class=\"elementor-column elementor-col-50 elementor-top-column elementor-element elementor-element-19fcc4d\" data-id=\"19fcc4d\" data-element_type=\"column\" data-e-type=\"column\">\n\t\t\t<div class=\"elementor-widget-wrap elementor-element-populated\">\n\t\t\t\t\t\t<div class=\"elementor-element elementor-element-e9c9a64 elementor-widget elementor-widget-tm-heading\" data-id=\"e9c9a64\" data-element_type=\"widget\" data-e-type=\"widget\" data-widget_type=\"tm-heading.default\">\n\t\t\t\t<div class=\"elementor-widget-container\">\n\t\t\t\t\t\t\t<div class=\"tm-modern-heading tm-modern-heading--style-01 tm-modern-heading--highlight-style-01\">\n\t\t\t\n\t\t\t\t\t<div class=\"heading-primary-wrap\">\n\t\t\t<h2 class=\"heading-primary elementor-heading-title\">Una marca con visi\u00f3n y calidad<\/h2>\t\t<\/div>\n\t\t\n\t\t\t\n\t\t\t\t\t<\/div>\n\t\t\t\t\t\t<\/div>\n\t\t\t\t<\/div>\n\t\t\t\t<div class=\"elementor-element elementor-element-6fe5658 elementor-widget elementor-widget-tm-image-box\" data-id=\"6fe5658\" data-element_type=\"widget\" data-e-type=\"widget\" data-widget_type=\"tm-image-box.default\">\n\t\t\t\t<div class=\"elementor-widget-container\">\n\t\t\t\t\t\t\t<div class=\"tm-image-box minimog-box tm-image-box--image-left tm-image-box--style-1 tm-image-box--content-alignment-top tm-image-box--image-top-mobile\">\t\t<div class=\"tm-image-box__wrap\">\n\n\t\t\t\t\t\t\t<div class=\"tm-image-box__image\">\n\t\t\t\t\t\t\t\t\t\t\t\t\t\t<\/div>\n\t\t\t\n\t\t\t<div class=\"tm-image-box__content\">\n\t\t\t\t<div class=\"tm-image-box__title-wrapper\"><h3 class=\"tm-image-box__title\"><span class=\"tm-image-box__title-text\">Algod\u00f3n org\u00e1nico<\/span><\/h3><\/div>\n\t\t\t\t\t\t<div class=\"tm-image-box__description\">\n\t\t\tNuestras camisetas de manga corta est\u00e1n hechas de algod\u00f3n org\u00e1nico de alta calidad, lo que las hace suaves y ligeras al tacto. El algod\u00f3n org\u00e1nico es un material respetuoso con el medio ambiente, ya que no utiliza productos qu\u00edmicos t\u00f3xicos en su producci\u00f3n, y tambi\u00e9n es m\u00e1s suave y transpirable que el algod\u00f3n convencional.\t\t<\/div>\n\t\t\n\t\t\t\t\t\t\t<\/div>\n\n\t\t<\/div>\n\t\t<\/div>\t\t\t\t\t\t<\/div>\n\t\t\t\t<\/div>\n\t\t\t\t<div class=\"elementor-element elementor-element-5695b29 elementor-widget elementor-widget-tm-image-box\" data-id=\"5695b29\" data-element_type=\"widget\" data-e-type=\"widget\" data-widget_type=\"tm-image-box.default\">\n\t\t\t\t<div class=\"elementor-widget-container\">\n\t\t\t\t\t\t\t<div class=\"tm-image-box minimog-box tm-image-box--image-left tm-image-box--style-1 tm-image-box--content-alignment-top tm-image-box--image-top-mobile\">\t\t<div class=\"tm-image-box__wrap\">\n\n\t\t\t\t\t\t\t<div class=\"tm-image-box__image\">\n\t\t\t\t\t\t\t\t\t\t\t\t\t\t<\/div>\n\t\t\t\n\t\t\t<div class=\"tm-image-box__content\">\n\t\t\t\t<div class=\"tm-image-box__title-wrapper\"><h3 class=\"tm-image-box__title\"><span class=\"tm-image-box__title-text\">Ligereza<\/span><\/h3><\/div>\n\t\t\t\t\t\t<div class=\"tm-image-box__description\">\n\t\t\tSabemos que los usuarios quieren sentirse c\u00f3modos y libres de moverse mientras usan nuestras prendas, por lo que trabajamos duro para asegurarnos de que todas nuestras prendas cumplan con estos est\u00e1ndares.\t\t<\/div>\n\t\t\n\t\t\t\t\t\t\t<\/div>\n\n\t\t<\/div>\n\t\t<\/div>\t\t\t\t\t\t<\/div>\n\t\t\t\t<\/div>\n\t\t\t\t<div class=\"elementor-element elementor-element-228cc55 elementor-widget elementor-widget-tm-image-box\" data-id=\"228cc55\" data-element_type=\"widget\" data-e-type=\"widget\" data-widget_type=\"tm-image-box.default\">\n\t\t\t\t<div class=\"elementor-widget-container\">\n\t\t\t\t\t\t\t<div class=\"tm-image-box minimog-box tm-image-box--image-left tm-image-box--style-1 tm-image-box--content-alignment-top tm-image-box--image-top-mobile\">\t\t<div class=\"tm-image-box__wrap\">\n\n\t\t\t\t\t\t\t<div class=\"tm-image-box__image\">\n\t\t\t\t\t\t\t\t\t\t\t\t\t\t<\/div>\n\t\t\t\n\t\t\t<div class=\"tm-image-box__content\">\n\t\t\t\t<div class=\"tm-image-box__title-wrapper\"><h3 class=\"tm-image-box__title\"><span class=\"tm-image-box__title-text\">Comodidad<\/span><\/h3><\/div>\n\t\t\t\t\t\t<div class=\"tm-image-box__description\">\n\t\t\tla calidad del material de nuestros textiles es una de las caracter\u00edsticas m\u00e1s destacadas de la marca The V Company. Nos esforzamos por utilizar materiales suaves, c\u00f3modos y ligeros en todas nuestras prendas para garantizar la mejor experiencia de uso para nuestros clientes.\t\t<\/div>\n\t\t\n\t\t\t\t\t\t\t<\/div>\n\n\t\t<\/div>\n\t\t<\/div>\t\t\t\t\t\t<\/div>\n\t\t\t\t<\/div>\n\t\t\t\t\t<\/div>\n\t\t<\/div>\n\t\t\t\t\t<\/div>\n\t\t<\/section>\n\t\t\t\t<\/div>\n\t\t","protected":false},"excerpt":{"rendered":"<p>Don\u00b4t stop what can\u00b4t be stopped The V Company es una marca de ropa nueva que se fund\u00f3 en el a\u00f1o 2023 con la idea de transmitir un mensaje de superaci\u00f3n e imparabilidad a trav\u00e9s de prendas minimalistas y de alta calidad. La marca naci\u00f3 de una idea buscando como crear una l\u00ednea de ropa que representara sus valores y creencias. Bas\u00e1ndose\u00a0 en la importancia de la auto-superaci\u00f3n, la perseverancia y la determinaci\u00f3n para lograr el \u00e9xito en cualquier \u00e1mbito de la vida. Creando una marca que representara estos valores y que transmitiera un mensaje inspirador a trav\u00e9s de la ropa. Vinculada a nuestro hobbie principal, los Viajes Con esta visi\u00f3n en mente, The V Company comenz\u00f3 a trabajar en su primera colecci\u00f3n de ropa. Dise\u00f1ando cada prenda con sumo cuidado, asegur\u00e1ndose de que cada una transmitiera el mensaje de superaci\u00f3n e imparabilidad que quer\u00edan compartir. Adem\u00e1s, prestaron mucha atenci\u00f3n a los detalles, asegur\u00e1ndose de que cada prenda fuera de alta calidad y que tuviera un dise\u00f1o moderno y minimalista. Despu\u00e9s de meses de trabajo, finalmente lanzaron su primera colecci\u00f3n de ropa en el mercado.\u00a0 Una marca con visi\u00f3n y calidad Algod\u00f3n org\u00e1nico Nuestras camisetas de manga corta est\u00e1n hechas de algod\u00f3n org\u00e1nico de alta calidad, lo que las hace suaves y ligeras al tacto. El algod\u00f3n org\u00e1nico es un material respetuoso con el medio ambiente, ya que no utiliza productos qu\u00edmicos t\u00f3xicos en su producci\u00f3n, y tambi\u00e9n es m\u00e1s suave y transpirable que el algod\u00f3n convencional. Ligereza Sabemos que los usuarios quieren sentirse c\u00f3modos y libres de moverse mientras usan nuestras prendas, por lo que trabajamos duro para asegurarnos de que todas nuestras prendas cumplan con estos est\u00e1ndares. Comodidad la calidad del material de nuestros textiles es una de las caracter\u00edsticas m\u00e1s destacadas de la marca The V Company. Nos esforzamos por utilizar materiales suaves, c\u00f3modos y ligeros en todas nuestras prendas para garantizar la mejor experiencia de uso para nuestros clientes.<\/p>\n","protected":false},"author":2,"featured_media":0,"parent":0,"menu_order":0,"comment_status":"closed","ping_status":"closed","template":"","meta":{"footnotes":""},"class_list":["post-329","page","type-page","status-publish","hentry","post-no-thumbnail"],"_links":{"self":[{"href":"https:\/\/the-v-company.com\/index.php\/wp-json\/wp\/v2\/pages\/329","targetHints":{"allow":["GET"]}}],"collection":[{"href":"https:\/\/the-v-company.com\/index.php\/wp-json\/wp\/v2\/pages"}],"about":[{"href":"https:\/\/the-v-company.com\/index.php\/wp-json\/wp\/v2\/types\/page"}],"author":[{"embeddable":true,"href":"https:\/\/the-v-company.com\/index.php\/wp-json\/wp\/v2\/users\/2"}],"replies":[{"embeddable":true,"href":"https:\/\/the-v-company.com\/index.php\/wp-json\/wp\/v2\/comments?post=329"}],"version-history":[{"count":19,"href":"https:\/\/the-v-company.com\/index.php\/wp-json\/wp\/v2\/pages\/329\/revisions"}],"predecessor-version":[{"id":22431,"href":"https:\/\/the-v-company.com\/index.php\/wp-json\/wp\/v2\/pages\/329\/revisions\/22431"}],"wp:attachment":[{"href":"https:\/\/the-v-company.com\/index.php\/wp-json\/wp\/v2\/media?parent=329"}],"curies":[{"name":"wp","href":"https:\/\/api.w.org\/{rel}","templated":true}]}}